{"id":729,"date":"2020-08-26T08:16:26","date_gmt":"2020-08-26T08:16:26","guid":{"rendered":"http:\/\/nikolapacekvetnic.rs\/?page_id=729"},"modified":"2020-09-12T05:46:10","modified_gmt":"2020-09-12T05:46:10","slug":"waterwood","status":"publish","type":"page","link":"http:\/\/nikolapacekvetnic.rs\/?page_id=729","title":{"rendered":"WATERWOOD"},"content":{"rendered":"\n<p>Waterwood was founded in December 2014 in Novi Sad as an unplugged project performing original music. The lineup included Milo\u0161 Ani\u010di\u0107 (Taboo) from Bor (Serbia), Kirill Boyko (Olympiada, Burek) from St Petersburg (Russia) and Vladimir Chudinov (Acoustic Pleasure, Starlite Band) from Novosibirsk (Russia). During the first six months some twenty tracks were written, joining them as a music collective. While rehearsing, they were on the look out for the rhythm section.<\/p>\n\n\n\n<iframe loading=\"lazy\" width=\"100%\" height=\"300\" scrolling=\"no\" frameborder=\"no\" allow=\"autoplay\" src=\"https:\/\/w.soundcloud.com\/player\/?url=https%3A\/\/api.soundcloud.com\/playlists\/334289683&amp;color=%23ff5500&amp;auto_play=false&amp;hide_related=false&amp;show_comments=true&amp;show_user=true&amp;show_reposts=false&amp;show_teaser=true&amp;visual=true\"><\/iframe><div style=\"font-size: 10px; color: #cccccc;line-break: anywhere;word-break: normal;overflow: hidden;white-space: nowrap;text-overflow: ellipsis; font-family: Interstate,Lucida Grande,Lucida Sans Unicode,Lucida Sans,Garuda,Verdana,Tahoma,sans-serif;font-weight: 100;\"><\/div><figcaption><small>Waterwood &#8211; Live at CK13 (2015), Self-released<\/small><\/figcaption>\n<br>\n\n\n\n<p>In July 2015 Waterwood was joined by Marko Golik (The Workers) also from Bor (Serbia), and three months later the lineup was completed with Nikola Pacek-Vetnic from Novi Sad (Serbia).<\/p>\n\n\n\n<div style=\"text-align:center;\">\n<iframe loading=\"lazy\" width=\"560\" height=\"315\" src=\"https:\/\/www.youtube.com\/embed\/Lcs4C25iTCw\" frameborder=\"0\" allow=\"accelerometer; autoplay; encrypted-media; gyroscope; picture-in-picture\" allowfullscreen=\"\"><\/iframe>\n<figcaption><small>Waterwood &#8211; Live at CK13 (2015)<\/small><\/figcaption>\n<\/div>\n<br>\n\n\n\n<p>The band performed live together for the first time already in December 2015 and was fairly active during the next twelve months. In fall 2016 the band effectively disbanded as difficulties in the recording process were met and eventually everyone went on to pursue their personal projects.<\/p>\n\n\n\n<ul class=\"wp-block-social-links aligncenter is-layout-flex wp-block-social-links-is-layout-flex\"><li class=\"wp-social-link wp-social-link-facebook  wp-block-social-link\"><a href=\"https:\/\/www.facebook.com\/waterwoodband\" class=\"wp-block-social-link-anchor\"><svg width=\"24\" height=\"24\" viewBox=\"0 0 24 24\" version=\"1.1\" xmlns=\"http:\/\/www.w3.org\/2000\/svg\" aria-hidden=\"true\" focusable=\"false\"><path d=\"M12 2C6.5 2 2 6.5 2 12c0 5 3.7 9.1 8.4 9.9v-7H7.9V12h2.5V9.8c0-2.5 1.5-3.9 3.8-3.9 1.1 0 2.2.2 2.2.2v2.5h-1.3c-1.2 0-1.6.8-1.6 1.6V12h2.8l-.4 2.9h-2.3v7C18.3 21.1 22 17 22 12c0-5.5-4.5-10-10-10z\"><\/path><\/svg><span class=\"wp-block-social-link-label screen-reader-text\">Facebook<\/span><\/a><\/li><\/ul>\n","protected":false},"excerpt":{"rendered":"<p>Waterwood was founded in December 2014 in Novi Sad as an unplugged project performing original music. The lineup included Milo\u0161 Ani\u010di\u0107 (Taboo) from Bor (Serbia), Kirill Boyko (Olympiada, Burek) from St Petersburg (Russia) and Vladimir Chudinov (Acoustic Pleasure, Starlite Band) from Novosibirsk (Russia). During the first six months some twenty tracks were written, joining them [&hellip;]<\/p>\n","protected":false},"author":1,"featured_media":0,"parent":0,"menu_order":0,"comment_status":"closed","ping_status":"closed","template":"","meta":{"footnotes":""},"class_list":["post-729","page","type-page","status-publish","hentry"],"_links":{"self":[{"href":"http:\/\/nikolapacekvetnic.rs\/index.php?rest_route=\/wp\/v2\/pages\/729","targetHints":{"allow":["GET"]}}],"collection":[{"href":"http:\/\/nikolapacekvetnic.rs\/index.php?rest_route=\/wp\/v2\/pages"}],"about":[{"href":"http:\/\/nikolapacekvetnic.rs\/index.php?rest_route=\/wp\/v2\/types\/page"}],"author":[{"embeddable":true,"href":"http:\/\/nikolapacekvetnic.rs\/index.php?rest_route=\/wp\/v2\/users\/1"}],"replies":[{"embeddable":true,"href":"http:\/\/nikolapacekvetnic.rs\/index.php?rest_route=%2Fwp%2Fv2%2Fcomments&post=729"}],"version-history":[{"count":7,"href":"http:\/\/nikolapacekvetnic.rs\/index.php?rest_route=\/wp\/v2\/pages\/729\/revisions"}],"predecessor-version":[{"id":1066,"href":"http:\/\/nikolapacekvetnic.rs\/index.php?rest_route=\/wp\/v2\/pages\/729\/revisions\/1066"}],"wp:attachment":[{"href":"http:\/\/nikolapacekvetnic.rs\/index.php?rest_route=%2Fwp%2Fv2%2Fmedia&parent=729"}],"curies":[{"name":"wp","href":"https:\/\/api.w.org\/{rel}","templated":true}]}}