{"id":720,"date":"2020-08-26T07:48:29","date_gmt":"2020-08-26T07:48:29","guid":{"rendered":"http:\/\/nikolapacekvetnic.rs\/?page_id=720"},"modified":"2020-09-12T05:43:42","modified_gmt":"2020-09-12T05:43:42","slug":"hator","status":"publish","type":"page","link":"http:\/\/nikolapacekvetnic.rs\/?page_id=720","title":{"rendered":"HATOR"},"content":{"rendered":"\n<p>In the fall of 2005 Milan Petrovi\u0107 (Brain Core, T&#8217;ong) commenced work on a music project that would do best to depict his current views of the world, stripped of all negative connotations and observed through emotions. From the onset the accent was on taking a new approach to music and innovating the expression, all the while striving to preserve the honesty and universality of music, which was the point of the project all along. <\/p>\n\n\n\n<div style=\"text-align:center;\">\n<iframe loading=\"lazy\" width=\"560\" height=\"315\" src=\"https:\/\/www.youtube.com\/embed\/k_eiUMAWbs4\" frameborder=\"0\" allow=\"accelerometer; autoplay; encrypted-media; gyroscope; picture-in-picture\" allowfullscreen=\"\"><\/iframe>\n<figcaption><small>HATOR &#8211; Live at Gradili\u0161te (2007)<\/small><\/figcaption><\/div>\n<br>\n\n\n\n<p>Once the idea has taken form Vladimir Miladinov (\u0160arlah, Skica) joined in and together with Milan they made the finishing touches to the tracks, after which they entered the studio. Great deal of work was done in Vladimir&#8217;s &#8216;Flamenco&#8217; home studio, and the rest was completed at Dragan Alimpijevi\u0107 Pik&#8217;s &#8216;Digital Tone Works&#8217;. Financial side of the recording process was the greatest problem, a half of which was covered by Vladimir&#8217;s engagement at various construction sites across Novi Sad.<\/p>\n\n\n\n<iframe style=\"border: 0; width: 100%; height: 120px;\" src=\"https:\/\/bandcamp.com\/EmbeddedPlayer\/album=2573426271\/size=large\/bgcol=ffffff\/linkcol=2ebd35\/tracklist=false\/artwork=small\/transparent=true\/\" seamless><a href=\"http:\/\/nikolapacekvetnic.bandcamp.com\/album\/organic-fairytale\">Organic Fairytale by Hator<\/a><\/iframe>\n<figcaption><small>Hator &#8211; Organic Fairytale (2007), Self-released<\/small><\/figcaption>\n<br>\n\n\n\n<p>Early fall of 2006 the recording was over and Milan and Vladimir started contemplating on where to head next. Returning home from summer vacation, their first step was to start recruiting musicians. First one to join was Bojan Adi\u0107 (The Scarlet Box), followed shortly by Andrej \u0110or\u0111evi\u0107 (Doy MeKokosh, Spiderweb). The band started rehearsing, and, roughly a month and a half later, the last piece comes into place as Nikola Pacek-Vetni\u0107 joins the crew.<\/p>\n\n\n\n<div style=\"text-align:center;\">\n<iframe loading=\"lazy\" width=\"560\" height=\"315\" src=\"https:\/\/www.youtube.com\/embed\/huYNJ8jdKpM\" frameborder=\"0\" allow=\"accelerometer; autoplay; encrypted-media; gyroscope; picture-in-picture\" allowfullscreen=\"\"><\/iframe>\n<figcaption><small>Hator &#8211; Rehearsal at PP (2007)<\/small><\/figcaption><\/div>\n<br>\n\n\n\n<p>Following a few concerts during 2007 Milan lost interest in music and the band subsequently disbanded, with everyone involved in the project going their separate paths.<\/p>\n","protected":false},"excerpt":{"rendered":"<p>In the fall of 2005 Milan Petrovi\u0107 (Brain Core, T&#8217;ong) commenced work on a music project that would do best to depict his current views of the world, stripped of all negative connotations and observed through emotions. From the onset the accent was on taking a new approach to music and innovating the expression, all [&hellip;]<\/p>\n","protected":false},"author":1,"featured_media":0,"parent":0,"menu_order":0,"comment_status":"closed","ping_status":"closed","template":"","meta":{"footnotes":""},"class_list":["post-720","page","type-page","status-publish","hentry"],"_links":{"self":[{"href":"http:\/\/nikolapacekvetnic.rs\/index.php?rest_route=\/wp\/v2\/pages\/720","targetHints":{"allow":["GET"]}}],"collection":[{"href":"http:\/\/nikolapacekvetnic.rs\/index.php?rest_route=\/wp\/v2\/pages"}],"about":[{"href":"http:\/\/nikolapacekvetnic.rs\/index.php?rest_route=\/wp\/v2\/types\/page"}],"author":[{"embeddable":true,"href":"http:\/\/nikolapacekvetnic.rs\/index.php?rest_route=\/wp\/v2\/users\/1"}],"replies":[{"embeddable":true,"href":"http:\/\/nikolapacekvetnic.rs\/index.php?rest_route=%2Fwp%2Fv2%2Fcomments&post=720"}],"version-history":[{"count":10,"href":"http:\/\/nikolapacekvetnic.rs\/index.php?rest_route=\/wp\/v2\/pages\/720\/revisions"}],"predecessor-version":[{"id":854,"href":"http:\/\/nikolapacekvetnic.rs\/index.php?rest_route=\/wp\/v2\/pages\/720\/revisions\/854"}],"wp:attachment":[{"href":"http:\/\/nikolapacekvetnic.rs\/index.php?rest_route=%2Fwp%2Fv2%2Fmedia&parent=720"}],"curies":[{"name":"wp","href":"https:\/\/api.w.org\/{rel}","templated":true}]}}