{"id":277,"date":"2020-08-01T15:41:41","date_gmt":"2020-08-01T15:41:41","guid":{"rendered":"http:\/\/nikolapacekvetnic.rs\/?page_id=277"},"modified":"2020-09-26T21:37:00","modified_gmt":"2020-09-26T21:37:00","slug":"contemporary-classical-music","status":"publish","type":"page","link":"http:\/\/nikolapacekvetnic.rs\/?page_id=277","title":{"rendered":"Contemporary Works"},"content":{"rendered":"\n<p><i>This catalogue is under construction and therefore incomplete at the moment.<\/i><\/p>\n\n\n\n<h2><span style=\"background-color: #4b3c5a\"><b>PSALM<\/b><\/span><\/h2>\n<p>A piece for mixed choir.<\/p>\n<iframe loading=\"lazy\" width=\"100%\" height=\"166\" scrolling=\"no\" frameborder=\"no\" allow=\"autoplay\" src=\"https:\/\/w.soundcloud.com\/player\/?url=https%3A\/\/api.soundcloud.com\/tracks\/876670129&amp;color=%234e426b&amp;auto_play=false&amp;hide_related=false&amp;show_comments=true&amp;show_user=true&amp;show_reposts=false&amp;show_teaser=true\"><\/iframe><div style=\"font-size: 10px; color: #cccccc;line-break: anywhere;word-break: normal;overflow: hidden;white-space: nowrap;text-overflow: ellipsis; font-family: Interstate,Lucida Grande,Lucida Sans Unicode,Lucida Sans,Garuda,Verdana,Tahoma,sans-serif;font-weight: 100;\"><\/div>\n<br>\n<p><a rel=\"noreferrer noopener\" href=\"https:\/\/tinyurl.com\/PsalmScore\" target=\"_blank\">Study score<\/a> available via Google Drive.<\/p>\n<p><small>Copyright 2008, Nikola Pacek-Vetni\u0107 (c)<\/small><\/p>\n<br>\n\n\n\n<h2><span style=\"background-color: #4b3c5a\"><b>SUITE NO. 2<\/b><\/span><\/h2>\n<p>This piece for extended drum set was awarded 2nd prize at the First Serbian National Competition for Percussion Music and was first performed by Daniel Bugyi at Studio M (Novi Sad, Serbia) in June 2011.<\/p>\n<iframe loading=\"lazy\" width=\"100%\" height=\"166\" scrolling=\"no\" frameborder=\"no\" allow=\"autoplay\" src=\"https:\/\/w.soundcloud.com\/player\/?url=https%3A\/\/api.soundcloud.com\/tracks\/898983454&#038;color=%234e426b&amp;auto_play=false&#038;hide_related=false&#038;show_comments=true&#038;show_user=true&#038;show_reposts=false&#038;show_teaser=true\"><\/iframe><div style=\"font-size: 10px; color: #cccccc;line-break: anywhere;word-break: normal;overflow: hidden;white-space: nowrap;text-overflow: ellipsis; font-family: Interstate,Lucida Grande,Lucida Sans Unicode,Lucida Sans,Garuda,Verdana,Tahoma,sans-serif;font-weight: 100;\"><\/div>\n<br>\n<p>Video recording of <a rel=\"noreferrer noopener\" href=\"https:\/\/www.youtube.com\/watch?v=9Ga80bnHnRU\" target=\"_blank\">Daniel Bugyi performing 3rd movement<\/a> is available on YouTube. <a href=\"https:\/\/drive.google.com\/file\/d\/1nScQsfNODFMBiirFmXzuGzEa21hBKoPj\/view?usp=sharing\" target=\"_blank\" rel=\"noreferrer noopener\" data-rich-text-format-boundary=\"true\">Study score<\/a> available via Google Drive.<\/p>\n<p><small>Copyright 2008, Nikola Pacek-Vetni\u0107 (c)<\/small><\/p>\n<br>\n\n\n\n<h2><span style=\"background-color: #4b3c5a\"><b>BAGATELLE<\/b><\/span><\/h2>\n<p>A piece for violoncello solo.<\/p>\n<p><a href=\"https:\/\/drive.google.com\/file\/d\/1DrXNp8gDDbA7MzXu4Nu7MkgDALhclzRa\/view?usp=sharing\" target=\"_blank\" rel=\"noreferrer noopener\" data-rich-text-format-boundary=\"true\">Study score<\/a> available via Google Drive.<\/p>\n<p><small>Copyright 2014, Nikola Pacek-Vetni\u0107 (c)<\/small><\/p>\n<br>\n\n\n\n<h2><span style=\"background-color: #4b3c5a\"><b>eRSP.wCHzA.iE<\/b><\/span><\/h2>\n<p>A piece for clarinet and piano. Written for KompART 06 contemporary music concert organized by the author and performed by duo Vers la Flamme (Vasa Vu\u010dkovi\u0107 &#8211; klarinet, Nata\u0161a Penezi\u0107 &#8211; piano).<\/p>\n<p>Video recording of <a rel=\"noreferrer noopener\" href=\"https:\/\/www.youtube.com\/watch?v=PYAZ18yTykg\" target=\"_blank\">the KompART 06 performance<\/a> is available on YouTube. <a href=\"https:\/\/drive.google.com\/file\/d\/1oUuxfUz1NgTbLcXTB51DcHG3XdLcryVa\/view?usp=sharing\" target=\"_blank\" rel=\"noreferrer noopener\" data-rich-text-format-boundary=\"true\">Study score<\/a> available via Google Drive.<\/p>\n<p><small>Copyright 2016, Nikola Pacek-Vetni\u0107 (c)<\/small><\/p>\n<br>\n\n\n\n<h2><span style=\"background-color: #4b3c5a\"><b>aP.VALOn.sreV<\/b><\/span><\/h2>\n<p>A piece for alto saxophone and piano. Commissioned by and dedicated to Srdjan Paunovic who ultimately abandoned the idea of performing the piece.<\/p>\n<p><a href=\"https:\/\/drive.google.com\/file\/d\/1d4yvwJF0Gs-wKlh2YZszoN-5lkreaAL7\/view?usp=sharing\" target=\"_blank\" rel=\"noreferrer noopener\" data-rich-text-format-boundary=\"true\">Study score<\/a> available via Google Drive.<\/p>\n<p><small>Copyright 2016, Nikola Pacek-Vetni\u0107 (c)<\/small><\/p>\n<br>\n\n\n\n<h2><span style=\"background-color: #4b3c5a\"><b>GRIND<\/b><\/span><\/h2>\n<p>A piece for baroque ensemble (two violins, viola, viola da gamba and harpsichord). Written for and premiered by <a href=\"https:\/\/www.facebook.com\/belgrade.baroque\/\" target=\"_blank\" rel=\"noopener noreferrer\">Belgrade Baroque<\/a> in <a href=\"https:\/\/www.facebook.com\/svilara\/\" target=\"_blank\" rel=\"noopener noreferrer\">Culture Station Svilara, Novi Sad<\/a> on 17 November 2019.<\/p>\n<p><a href=\"https:\/\/tinyurl.com\/GRINDScore\" target=\"_blank\" rel=\"noreferrer noopener\" data-rich-text-format-boundary=\"true\">Study score<\/a> available via Google Drive.<\/p>\n<p><small>Copyright 2019, Nikola Pacek-Vetni\u0107 (c)<\/small><\/p>\n<br>\n\n\n\n<h2><span style=\"background-color: #4b3c5a\"><b>\u03a0\u0395\u03a1\u03a3\u0388\u03a0\u039f\u039b\u0399\u03a3 \u0393<\/b> (Persepolis Gamma)<\/span><\/h2>\n<p>A piece for ten electric guitars and three bass guitars with computer amp modeling, mixing and post-processing.<\/p>\n<iframe loading=\"lazy\" width=\"100%\" height=\"166\" scrolling=\"no\" frameborder=\"no\" allow=\"autoplay\" src=\"https:\/\/w.soundcloud.com\/player\/?url=https%3A\/\/api.soundcloud.com\/tracks\/768747430&amp;color=%234b3c5a&amp;auto_play=false&amp;hide_related=false&amp;show_comments=true&amp;show_user=true&amp;show_reposts=false&amp;show_teaser=true\"><\/iframe><div style=\"font-size: 10px; color: #cccccc;line-break: anywhere;word-break: normal;overflow: hidden;white-space: nowrap;text-overflow: ellipsis; font-family: Interstate,Lucida Grande,Lucida Sans Unicode,Lucida Sans,Garuda,Verdana,Tahoma,sans-serif;font-weight: 100;\"><\/div>\n<br>\n<p><a rel=\"noreferrer noopener\" href=\"https:\/\/www.youtube.com\/watch?v=LDbW6veQXQo\" target=\"_blank\">Video score<\/a> available on YouTube. <a rel=\"noreferrer noopener\" href=\"https:\/\/drive.google.com\/file\/d\/12W8ArFnVriOKIRv_fPThSvdXxRhdfNyM\/view\" target=\"_blank\">Study score<\/a> available via Google Drive. Credits and other info available <a href=\"http:\/\/nikolapacekvetnic.rs\/?p=64\">here<\/a>.<\/p>\n<p><small>Copyright 2020, Nikola Pacek-Vetni\u0107 (c)<\/small><\/p>\n<br>\n\n\n\n<h2><span style=\"background-color: #4b3c5a\"><b>GRAB IT BY THE P***Y<\/b><\/span><\/h2>\n<p>A musical satire on a handful of quotes by a man struggling in uncertain times (for soprano, violin and violoncello). Written for 2K+ call for scores by <a href=\"https:\/\/radoslavavorgic.com\" target=\"_blank\" rel=\"noopener noreferrer\">Radoslava Vorgi\u0107<\/a>.<\/p>\n<p><a href=\"https:\/\/drive.google.com\/file\/d\/1GaNGKAN7U-cCbMg2GnJR6bg3SRyR-5GV\/view?usp=sharing\" target=\"_blank\" rel=\"noreferrer noopener\" data-rich-text-format-boundary=\"true\">Study score<\/a> available via Google Drive.<\/p>\n<p><small>Copyright 2020, Nikola Pacek-Vetni\u0107 (c)<\/small><\/p>\n<br>\n","protected":false},"excerpt":{"rendered":"<p>This catalogue is under construction and therefore incomplete at the moment. PSALM A piece for mixed choir. Study score available via Google Drive. Copyright 2008, Nikola Pacek-Vetni\u0107 (c) SUITE NO. 2 This piece for extended drum set was awarded 2nd prize at the First Serbian National Competition for Percussion Music and was first performed by [&hellip;]<\/p>\n","protected":false},"author":1,"featured_media":0,"parent":0,"menu_order":0,"comment_status":"closed","ping_status":"closed","template":"","meta":{"footnotes":""},"class_list":["post-277","page","type-page","status-publish","hentry"],"_links":{"self":[{"href":"http:\/\/nikolapacekvetnic.rs\/index.php?rest_route=\/wp\/v2\/pages\/277","targetHints":{"allow":["GET"]}}],"collection":[{"href":"http:\/\/nikolapacekvetnic.rs\/index.php?rest_route=\/wp\/v2\/pages"}],"about":[{"href":"http:\/\/nikolapacekvetnic.rs\/index.php?rest_route=\/wp\/v2\/types\/page"}],"author":[{"embeddable":true,"href":"http:\/\/nikolapacekvetnic.rs\/index.php?rest_route=\/wp\/v2\/users\/1"}],"replies":[{"embeddable":true,"href":"http:\/\/nikolapacekvetnic.rs\/index.php?rest_route=%2Fwp%2Fv2%2Fcomments&post=277"}],"version-history":[{"count":50,"href":"http:\/\/nikolapacekvetnic.rs\/index.php?rest_route=\/wp\/v2\/pages\/277\/revisions"}],"predecessor-version":[{"id":1133,"href":"http:\/\/nikolapacekvetnic.rs\/index.php?rest_route=\/wp\/v2\/pages\/277\/revisions\/1133"}],"wp:attachment":[{"href":"http:\/\/nikolapacekvetnic.rs\/index.php?rest_route=%2Fwp%2Fv2%2Fmedia&parent=277"}],"curies":[{"name":"wp","href":"https:\/\/api.w.org\/{rel}","templated":true}]}}