{"id":1072,"date":"2020-09-12T10:39:42","date_gmt":"2020-09-12T10:39:42","guid":{"rendered":"http:\/\/nikolapacekvetnic.rs\/?page_id=1072"},"modified":"2026-04-13T09:07:12","modified_gmt":"2026-04-13T09:07:12","slug":"bio-srp","status":"publish","type":"page","link":"http:\/\/nikolapacekvetnic.rs\/?page_id=1072","title":{"rendered":"BIO [SRP]"},"content":{"rendered":"\n<p><em>Nikola Vetni\u0107<\/em> (1984) je zavr\u0161io master studije ra\u010dunarskih nauka i informacionih tehnologija na Univerzitetu u Novom Sadu, a tako\u0111e je i odbranio doktorski umetni\u010dki projekat iz muzi\u010dke kompozicije na Univerzitetu umetnosti u Beogradu.<\/p>\n<p>Trenutno radi kao\u00a0<em>lead developer<\/em> u kompaniji Rationale Information Technologies u Novom Sadu. Bavi se razvojem <em>full stack web<\/em> aplikacija, ra\u010dunarskom grafikom i razvojem video igara. Moj <a href=\"?page_id=1508\"><span style=\"background-color: #4b3c5a; color: #bfbfbf;\">potpuni CV vezan za IT polje<\/span><\/a> na engleskom jeziku <a href=\"?page_id=1508\" rel=\"noopener noreferrer\">dostupan je ovde<\/a>.<\/p>\n<p>O\u017eenjen je i ima dva veoma energi\u010dna sina.<\/p>\n\n\n\n<p style=\"text-align: center;\">[ <a href=\"?page_id=7\">english<\/a> \/ <a href=\"?page_id=1072\">srpski<\/a> ]<\/p>\n","protected":false},"excerpt":{"rendered":"<p>Nikola Vetni\u0107 (1984) je zavr\u0161io master studije ra\u010dunarskih nauka i informacionih tehnologija na Univerzitetu u Novom Sadu, a tako\u0111e je i odbranio doktorski umetni\u010dki projekat iz muzi\u010dke kompozicije na Univerzitetu umetnosti u Beogradu. Trenutno radi kao\u00a0lead developer u kompaniji Rationale Information Technologies u Novom Sadu. Bavi se razvojem full stack web aplikacija, ra\u010dunarskom grafikom i [&hellip;]<\/p>\n","protected":false},"author":1,"featured_media":473,"parent":0,"menu_order":0,"comment_status":"closed","ping_status":"closed","template":"","meta":{"footnotes":""},"class_list":["post-1072","page","type-page","status-publish","has-post-thumbnail","hentry"],"_links":{"self":[{"href":"http:\/\/nikolapacekvetnic.rs\/index.php?rest_route=\/wp\/v2\/pages\/1072","targetHints":{"allow":["GET"]}}],"collection":[{"href":"http:\/\/nikolapacekvetnic.rs\/index.php?rest_route=\/wp\/v2\/pages"}],"about":[{"href":"http:\/\/nikolapacekvetnic.rs\/index.php?rest_route=\/wp\/v2\/types\/page"}],"author":[{"embeddable":true,"href":"http:\/\/nikolapacekvetnic.rs\/index.php?rest_route=\/wp\/v2\/users\/1"}],"replies":[{"embeddable":true,"href":"http:\/\/nikolapacekvetnic.rs\/index.php?rest_route=%2Fwp%2Fv2%2Fcomments&post=1072"}],"version-history":[{"count":12,"href":"http:\/\/nikolapacekvetnic.rs\/index.php?rest_route=\/wp\/v2\/pages\/1072\/revisions"}],"predecessor-version":[{"id":2148,"href":"http:\/\/nikolapacekvetnic.rs\/index.php?rest_route=\/wp\/v2\/pages\/1072\/revisions\/2148"}],"wp:featuredmedia":[{"embeddable":true,"href":"http:\/\/nikolapacekvetnic.rs\/index.php?rest_route=\/wp\/v2\/media\/473"}],"wp:attachment":[{"href":"http:\/\/nikolapacekvetnic.rs\/index.php?rest_route=%2Fwp%2Fv2%2Fmedia&parent=1072"}],"curies":[{"name":"wp","href":"https:\/\/api.w.org\/{rel}","templated":true}]}}